{"id":576,"date":"2015-03-07T13:49:38","date_gmt":"2015-03-07T13:49:38","guid":{"rendered":"http:\/\/www.dallaglio-arredamenti.it\/?page_id=576"},"modified":"2022-04-07T17:35:15","modified_gmt":"2022-04-07T17:35:15","slug":"homepage","status":"publish","type":"page","link":"https:\/\/www.dallaglio-arredamenti.it\/de","title":{"rendered":"Home"},"content":{"rendered":"<div class=\"fusion-fullwidth fullwidth-box fusion-builder-row-1 nonhundred-percent-fullwidth non-hundred-percent-height-scrolling\" style=\"background-color: rgba(255,255,255,0);background-position: center center;background-repeat: no-repeat;padding-top:0px;padding-right:0px;padding-bottom:0px;padding-left:0px;margin-bottom: 0px;margin-top: 0px;border-width: 0px 0px 0px 0px;border-color:#eae9e9;border-style:solid;\" ><div class=\"fusion-builder-row fusion-row\"><div class=\"fusion-layout-column fusion_builder_column fusion-builder-column-0 fusion_builder_column_1_1 1_1 fusion-one-full fusion-column-first fusion-column-last\" style=\"margin-top:0px;margin-bottom:20px;\"><div class=\"fusion-column-wrapper fusion-flex-column-wrapper-legacy\" style=\"background-position:left top;background-repeat:no-repeat;-webkit-background-size:cover;-moz-background-size:cover;-o-background-size:cover;background-size:cover;padding: 0px 0px 0px 0px;\"><div class=\"fusion-text fusion-text-1\"><p style=\"text-align: justify;\">Das Unternehmen Arredamenti Dall\u2019Aglio hat seinen Ursprung, im Jahr 1960, in der Leidenschaft des Gr\u00fcnders Dante f\u00fcr die Tischlerei, die er uns Br\u00fcdern Alberto, Luciano und Gino mit unseren Mitarbeitern weitergegeben hat. Seit jeher stellen wir M\u00f6bel und Einrichtungen nach Ma\u00df f\u00fcr Gesch\u00e4fte, Bars, Wohnungen und \u00f6ffentliche Verwaltungen her. Wir erstellen Einrichtungen, ausgehend von den Ideen unserer Kunden, ausgearbeitet von Architekten oder von unserem technischen B\u00fcro mit seinen CAD 3D-Planungsinstrumenten. 1997 haben wir auch mit dem Verkauf von Serieneinrichtungen begonnen. Durch die Synergie zwischen Endverkauf und Tischlerei k\u00f6nnen wir auf jedes Bed\u00fcrfnis unserer Kunden eingehen. Er hat mit uns einen einzigen Ansprechpartner, der ihn auf dem schwierigen Weg zur kompletten Wohnungseinrichtung begleitet. Wir sind auch w\u00e4hrend des Wohnungsbaus behilflich, um dem Kunden bei der Planung der Zwischenw\u00e4nde und technischen Installationen, wie K\u00fcchenabfluss, elektrische Anschl\u00fcsse und Lampen zur Seite zu stehen. Die Philosophie des Unternehmen steht ganz im Zeichen der Qualit\u00e4t des Endproduktes, der Dienstleistung und Kundenbetreuung auch nach dem Verkauf.<\/p>\n<\/div><div class=\"fusion-clearfix\"><\/div><\/div><\/div><\/div><\/div>\n","protected":false},"excerpt":{"rendered":"","protected":false},"author":3,"featured_media":0,"parent":0,"menu_order":0,"comment_status":"open","ping_status":"closed","template":"100-width.php","meta":{"footnotes":""},"_links":{"self":[{"href":"https:\/\/www.dallaglio-arredamenti.it\/de\/wp-json\/wp\/v2\/pages\/576"}],"collection":[{"href":"https:\/\/www.dallaglio-arredamenti.it\/de\/wp-json\/wp\/v2\/pages"}],"about":[{"href":"https:\/\/www.dallaglio-arredamenti.it\/de\/wp-json\/wp\/v2\/types\/page"}],"author":[{"embeddable":true,"href":"https:\/\/www.dallaglio-arredamenti.it\/de\/wp-json\/wp\/v2\/users\/3"}],"replies":[{"embeddable":true,"href":"https:\/\/www.dallaglio-arredamenti.it\/de\/wp-json\/wp\/v2\/comments?post=576"}],"version-history":[{"count":4,"href":"https:\/\/www.dallaglio-arredamenti.it\/de\/wp-json\/wp\/v2\/pages\/576\/revisions"}],"predecessor-version":[{"id":1565,"href":"https:\/\/www.dallaglio-arredamenti.it\/de\/wp-json\/wp\/v2\/pages\/576\/revisions\/1565"}],"wp:attachment":[{"href":"https:\/\/www.dallaglio-arredamenti.it\/de\/wp-json\/wp\/v2\/media?parent=576"}],"curies":[{"name":"wp","href":"https:\/\/api.w.org\/{rel}","templated":true}]}}